{"id":563,"date":"2022-12-14T09:28:23","date_gmt":"2022-12-14T08:28:23","guid":{"rendered":"https:\/\/potisek.com\/?page_id=563"},"modified":"2022-12-14T09:28:23","modified_gmt":"2022-12-14T08:28:23","slug":"legal-notice","status":"publish","type":"page","link":"https:\/\/potisek.com\/en\/legal-notice\/","title":{"rendered":"Legal Notice"},"content":{"rendered":"<ol class=\"wp-block-list\">\n<li><strong>Site editor<\/strong><br>Company name: Cabinet Potisek \u2013 Head office: 5 rue Manuel, 75009 Paris. French soci\u00e9t\u00e9 \u00e0 reponsabilit\u00e9 limit\u00e9e. Registered at RCS the 04-01-2004. Specialized in design activities (Code NAF 7410Z). Intra-community VAT FR32481196475 &#8211; Phone number: +33 (0)1 40 16 40 33 &#8211; (<a href=\"mailto:contact@potisek.com\">mail<\/a>)<br><\/li>\n\n\n\n<li><strong>Hosting<\/strong> <strong>provider<\/strong><br>Company name: OVH \u2013 Head office: 2 rue Kellermann 59100 Roubaix. SASU French Soci\u00e9t\u00e9 par actions simplifi\u00e9e \u00e0 associ\u00e9 unique, with a share capital of 10 174 560 \u20ac. Registered at RCS the 02-11-1999. Activity: data processing, hosting and related activities (Code NAF 6311Z). \u2013 Phone number: 1007. <a href=\"https:\/\/www.ovh.com\/\">(website)<\/a>.<br><\/li>\n\n\n\n<li><strong>Website editor &amp; development<\/strong><br>This site was designed by the graphic design agency <a href=\"https:\/\/www.aplus.design\" target=\"_blank\" rel=\"noreferrer noopener\">Aplus<\/a>. Maintenance by <a href=\"https:\/\/www.devillepreux.fr\" target=\"_blank\" rel=\"noreferrer noopener\">Fr\u00e9d\u00e9ric de Villepreux<\/a>.<br><\/li>\n\n\n\n<li><strong>Intellectual property<\/strong><br>The presentation of the \u201cpotisek.com\u201d website and its content (hereinafter \u201cSite\u201d), constitute a work protected by intellectual property law. The elements appearing on this website, in particular the drawings, logos, photographs, images, texts, videos, animated sequences, as well as any other data or information (hereinafter the \u00ab\u00a0Elements\u00a0\u00bb) are the property of Cabinet Potisek or of a third party having authorized to use them. Therefore the use of this Site does not in any way confer an explicit or implicit license right to use the Elements. Similarly, no reproduction, representation, use, adaptation, modification, incorporation, translation, marketing, and more generally, no commercial exploitation of the Elements may be made without the prior written consent of Cabinet Potisek, except for the legitimate uses exhaustively listed. in article L. 122-5 of the French Intellectual Property Code. The denominations, designations, brands and logos represented on the Site are, unless otherwise indicated, registered and\/or protected by the laws relating to intellectual property. The violation of one of these rights would constitute an offense of counterfeiting, exposing its author to sanctions.<br><\/li>\n\n\n\n<li><strong>Personal data<\/strong><br>The Site does not collect the personal data of Internet users. An autonomous traffic analysis system (non-personal information) provides Cabinet Potisek with statistics for its own needs. The data resulting from these analyzes is completely anonymous and no other company can access this information. This site does not use cookies. <br>\n<ul class=\"wp-block-list\">\n<li><\/li>\n<\/ul>\n<\/li>\n<\/ol>","protected":false},"excerpt":{"rendered":"","protected":false},"author":1,"featured_media":0,"parent":0,"menu_order":0,"comment_status":"closed","ping_status":"closed","template":"","meta":{"footnotes":""},"class_list":["post-563","page","type-page","status-publish","hentry"],"yoast_head":"<!-- This site is optimized with the Yoast SEO plugin v27.1.1 - https:\/\/yoast.com\/product\/yoast-seo-wordpress\/ -->\n<title>Legal Notice - Franz Potisek<\/title>\n<meta name=\"robots\" content=\"index, follow, max-snippet:-1, max-image-preview:large, max-video-preview:-1\" \/>\n<link rel=\"canonical\" href=\"https:\/\/potisek.com\/en\/legal-notice\/\" \/>\n<meta property=\"og:locale\" content=\"en_GB\" \/>\n<meta property=\"og:type\" content=\"article\" \/>\n<meta property=\"og:title\" content=\"Legal Notice - Franz Potisek\" \/>\n<meta property=\"og:url\" content=\"https:\/\/potisek.com\/en\/legal-notice\/\" \/>\n<meta property=\"og:site_name\" content=\"Franz Potisek\" \/>\n<meta name=\"twitter:card\" content=\"summary_large_image\" \/>\n<script type=\"application\/ld+json\" class=\"yoast-schema-graph\">{\"@context\":\"https:\/\/schema.org\",\"@graph\":[{\"@type\":\"WebPage\",\"@id\":\"https:\/\/potisek.com\/legal-notice\/\",\"url\":\"https:\/\/potisek.com\/legal-notice\/\",\"name\":\"Legal Notice - Franz Potisek\",\"isPartOf\":{\"@id\":\"https:\/\/potisek.com\/#website\"},\"datePublished\":\"2022-12-14T08:28:23+00:00\",\"breadcrumb\":{\"@id\":\"https:\/\/potisek.com\/legal-notice\/#breadcrumb\"},\"inLanguage\":\"en-GB\",\"potentialAction\":[{\"@type\":\"ReadAction\",\"target\":[\"https:\/\/potisek.com\/legal-notice\/\"]}]},{\"@type\":\"BreadcrumbList\",\"@id\":\"https:\/\/potisek.com\/legal-notice\/#breadcrumb\",\"itemListElement\":[{\"@type\":\"ListItem\",\"position\":1,\"name\":\"Accueil\",\"item\":\"https:\/\/potisek.com\/\"},{\"@type\":\"ListItem\",\"position\":2,\"name\":\"Legal Notice\"}]},{\"@type\":\"WebSite\",\"@id\":\"https:\/\/potisek.com\/#website\",\"url\":\"https:\/\/potisek.com\/\",\"name\":\"Franz Potisek\",\"description\":\"\",\"publisher\":{\"@id\":\"https:\/\/potisek.com\/#organization\"},\"potentialAction\":[{\"@type\":\"SearchAction\",\"target\":{\"@type\":\"EntryPoint\",\"urlTemplate\":\"https:\/\/potisek.com\/?s={search_term_string}\"},\"query-input\":{\"@type\":\"PropertyValueSpecification\",\"valueRequired\":true,\"valueName\":\"search_term_string\"}}],\"inLanguage\":\"en-GB\"},{\"@type\":\"Organization\",\"@id\":\"https:\/\/potisek.com\/#organization\",\"name\":\"Franz Potisek\",\"url\":\"https:\/\/potisek.com\/\",\"logo\":{\"@type\":\"ImageObject\",\"inLanguage\":\"en-GB\",\"@id\":\"https:\/\/potisek.com\/#\/schema\/logo\/image\/\",\"url\":\"https:\/\/potisek.com\/wp-content\/uploads\/2022\/10\/FP_LOGO_01.png\",\"contentUrl\":\"https:\/\/potisek.com\/wp-content\/uploads\/2022\/10\/FP_LOGO_01.png\",\"width\":246,\"height\":246,\"caption\":\"Franz Potisek\"},\"image\":{\"@id\":\"https:\/\/potisek.com\/#\/schema\/logo\/image\/\"},\"sameAs\":[\"https:\/\/www.instagram.com\/f.potisek\/\"]}]}<\/script>\n<!-- \/ Yoast SEO plugin. -->","yoast_head_json":{"title":"Legal Notice - Franz Potisek","robots":{"index":"index","follow":"follow","max-snippet":"max-snippet:-1","max-image-preview":"max-image-preview:large","max-video-preview":"max-video-preview:-1"},"canonical":"https:\/\/potisek.com\/en\/legal-notice\/","og_locale":"en_GB","og_type":"article","og_title":"Legal Notice - Franz Potisek","og_url":"https:\/\/potisek.com\/en\/legal-notice\/","og_site_name":"Franz Potisek","twitter_card":"summary_large_image","schema":{"@context":"https:\/\/schema.org","@graph":[{"@type":"WebPage","@id":"https:\/\/potisek.com\/legal-notice\/","url":"https:\/\/potisek.com\/legal-notice\/","name":"Legal Notice - Franz Potisek","isPartOf":{"@id":"https:\/\/potisek.com\/#website"},"datePublished":"2022-12-14T08:28:23+00:00","breadcrumb":{"@id":"https:\/\/potisek.com\/legal-notice\/#breadcrumb"},"inLanguage":"en-GB","potentialAction":[{"@type":"ReadAction","target":["https:\/\/potisek.com\/legal-notice\/"]}]},{"@type":"BreadcrumbList","@id":"https:\/\/potisek.com\/legal-notice\/#breadcrumb","itemListElement":[{"@type":"ListItem","position":1,"name":"Accueil","item":"https:\/\/potisek.com\/"},{"@type":"ListItem","position":2,"name":"Legal Notice"}]},{"@type":"WebSite","@id":"https:\/\/potisek.com\/#website","url":"https:\/\/potisek.com\/","name":"Franz Potisek","description":"","publisher":{"@id":"https:\/\/potisek.com\/#organization"},"potentialAction":[{"@type":"SearchAction","target":{"@type":"EntryPoint","urlTemplate":"https:\/\/potisek.com\/?s={search_term_string}"},"query-input":{"@type":"PropertyValueSpecification","valueRequired":true,"valueName":"search_term_string"}}],"inLanguage":"en-GB"},{"@type":"Organization","@id":"https:\/\/potisek.com\/#organization","name":"Franz Potisek","url":"https:\/\/potisek.com\/","logo":{"@type":"ImageObject","inLanguage":"en-GB","@id":"https:\/\/potisek.com\/#\/schema\/logo\/image\/","url":"https:\/\/potisek.com\/wp-content\/uploads\/2022\/10\/FP_LOGO_01.png","contentUrl":"https:\/\/potisek.com\/wp-content\/uploads\/2022\/10\/FP_LOGO_01.png","width":246,"height":246,"caption":"Franz Potisek"},"image":{"@id":"https:\/\/potisek.com\/#\/schema\/logo\/image\/"},"sameAs":["https:\/\/www.instagram.com\/f.potisek\/"]}]}},"_links":{"self":[{"href":"https:\/\/potisek.com\/en\/wp-json\/wp\/v2\/pages\/563","targetHints":{"allow":["GET"]}}],"collection":[{"href":"https:\/\/potisek.com\/en\/wp-json\/wp\/v2\/pages"}],"about":[{"href":"https:\/\/potisek.com\/en\/wp-json\/wp\/v2\/types\/page"}],"author":[{"embeddable":true,"href":"https:\/\/potisek.com\/en\/wp-json\/wp\/v2\/users\/1"}],"replies":[{"embeddable":true,"href":"https:\/\/potisek.com\/en\/wp-json\/wp\/v2\/comments?post=563"}],"version-history":[{"count":2,"href":"https:\/\/potisek.com\/en\/wp-json\/wp\/v2\/pages\/563\/revisions"}],"predecessor-version":[{"id":565,"href":"https:\/\/potisek.com\/en\/wp-json\/wp\/v2\/pages\/563\/revisions\/565"}],"wp:attachment":[{"href":"https:\/\/potisek.com\/en\/wp-json\/wp\/v2\/media?parent=563"}],"curies":[{"name":"wp","href":"https:\/\/api.w.org\/{rel}","templated":true}]}}