{"id":550,"date":"2022-12-14T09:28:34","date_gmt":"2022-12-14T08:28:34","guid":{"rendered":"https:\/\/potisek.com\/?page_id=550"},"modified":"2022-12-14T09:28:34","modified_gmt":"2022-12-14T08:28:34","slug":"mentions-legales","status":"publish","type":"page","link":"https:\/\/potisek.com\/en\/mentions-legales\/","title":{"rendered":"Mentions l\u00e9gales"},"content":{"rendered":"<ol class=\"wp-block-list\">\n<li><strong>Editeur du site<\/strong><br>D\u00e9nomination sociale : Cabinet Potisek \u2013 Si\u00e8ge Social : 5 rue Manuel, 75009 Paris. Soci\u00e9t\u00e9 \u00e0 responsabilit\u00e9 limit\u00e9e. Immatricul\u00e9e au RCS le 04-01-2004. Activit\u00e9s sp\u00e9cialis\u00e9es de design (Code NAF 7410Z). TVA intracommunautaire FR32481196475 &#8211; N\u00b0 de t\u00e9l\u00e9phone : 01 40 16 40 33 &#8211; (<a href=\"mailto:contact@potisek.com\">mail<\/a>)<br><\/li>\n\n\n\n<li><strong>H\u00e9bergement<\/strong><br>D\u00e9nomination sociale : OVH \u2013 Si\u00e8ge Social : 2 rue Kellermann 59100 Roubaix. SASU Soci\u00e9t\u00e9 par actions simplifi\u00e9e \u00e0 associ\u00e9 unique, au capital de 10 174 560 \u20ac. Immatricul\u00e9e au RCS le 02-11-1999. Activit\u00e9 : traitement de donn\u00e9es, h\u00e9bergement et activit\u00e9s connexes (Code NAF 6311Z). \u2013 N\u00b0 de t\u00e9l\u00e9phone : 1007<br><\/li>\n\n\n\n<li><strong>Conception<\/strong><br>Ce site a \u00e9t\u00e9 con\u00e7u par le bureau graphique <a href=\"https:\/\/www.aplus.design\" target=\"_blank\" rel=\"noreferrer noopener\">Aplus<\/a> et son fonctionnement est assur\u00e9 par <a href=\"https:\/\/www.devillepreux.fr\" target=\"_blank\" rel=\"noreferrer noopener\">Fr\u00e9d\u00e9ric de Villepreux<\/a>.<br><\/li>\n\n\n\n<li><strong>Propri\u00e9t\u00e9 intellectuelle<\/strong><br>La pr\u00e9sentation du site internet \u00ab potisek.com \u00bb et son contenu (ci-apr\u00e8s \u00ab Site \u00bb), constituent une \u0153uvre prot\u00e9g\u00e9e par le droit de la propri\u00e9t\u00e9 intellectuelle. Les \u00e9l\u00e9ments y apparaissant, notamment les dessins, logos, photographies, images, textes, vid\u00e9os, s\u00e9quences anim\u00e9es, ainsi que toute autre donn\u00e9e ou information (ci-apr\u00e8s les \u00ab \u00c9l\u00e9ments \u00bb) sont la propri\u00e9t\u00e9 du Cabinet Potisek ou d\u2019un tiers l\u2019ayant autoris\u00e9 \u00e0 les utiliser. Il est donc entendu que l\u2019utilisation du pr\u00e9sent Site ne conf\u00e8re en aucun cas un droit de licence explicite ou implicite d\u2019utilisation des \u00c9l\u00e9ments. De m\u00eame, aucune reproduction, repr\u00e9sentation, utilisation, adaptation, modification, incorporation, traduction, commercialisation, et plus g\u00e9n\u00e9ralement, aucune exploitation commerciale des \u00c9l\u00e9ments ne pourra \u00eatre faite sans l\u2019accord \u00e9crit et pr\u00e9alable du Cabinet Potisek exception faite des usages l\u00e9gitimes limitativement \u00e9num\u00e9r\u00e9s \u00e0 l\u2019article L. 122-5 du Code de la propri\u00e9t\u00e9 intellectuelle. Les d\u00e9nominations, appellations, marques et logos repr\u00e9sent\u00e9s sur le Site sont, sauf indication particuli\u00e8re, d\u00e9pos\u00e9s et\/ou prot\u00e9g\u00e9s par les lois relatives \u00e0 la propri\u00e9t\u00e9 intellectuelle. La violation de l\u2019un de ces droits constituerait un d\u00e9lit de contrefa\u00e7on, exposant son auteur \u00e0 des sanctions.<br><\/li>\n\n\n\n<li><strong>Donn\u00e9es personnelles<\/strong><br>Le Site ne r\u00e9colte pas les donn\u00e9es personnelles des internautes. Un syst\u00e8me autonome d\u2019analyse du trafic (informations non nominatives) fournit \u00e0 Cabinet Potisek des statistiques pour ses propres besoins. Les donn\u00e9es r\u00e9sultant de ces analyses sont totalement anonymes et aucune autre entreprise ne peut acc\u00e9der \u00e0 ces informations. Ce site n\u2019utilise pas de <em>cookies<\/em>. <br>\n<ul class=\"wp-block-list\">\n<li><\/li>\n<\/ul>\n<\/li>\n<\/ol>","protected":false},"excerpt":{"rendered":"","protected":false},"author":2,"featured_media":0,"parent":0,"menu_order":0,"comment_status":"closed","ping_status":"closed","template":"","meta":{"footnotes":""},"class_list":["post-550","page","type-page","status-publish","hentry"],"yoast_head":"<!-- This site is optimized with the Yoast SEO plugin v27.1.1 - https:\/\/yoast.com\/product\/yoast-seo-wordpress\/ -->\n<title>Mentions l\u00e9gales - Franz Potisek<\/title>\n<meta name=\"robots\" content=\"index, follow, max-snippet:-1, max-image-preview:large, max-video-preview:-1\" \/>\n<link rel=\"canonical\" href=\"https:\/\/potisek.com\/en\/mentions-legales\/\" \/>\n<meta property=\"og:locale\" content=\"en_GB\" \/>\n<meta property=\"og:type\" content=\"article\" \/>\n<meta property=\"og:title\" content=\"Mentions l\u00e9gales - Franz Potisek\" \/>\n<meta property=\"og:url\" content=\"https:\/\/potisek.com\/en\/mentions-legales\/\" \/>\n<meta property=\"og:site_name\" content=\"Franz Potisek\" \/>\n<meta name=\"twitter:card\" content=\"summary_large_image\" \/>\n<script type=\"application\/ld+json\" class=\"yoast-schema-graph\">{\"@context\":\"https:\/\/schema.org\",\"@graph\":[{\"@type\":\"WebPage\",\"@id\":\"https:\/\/potisek.com\/mentions-legales\/\",\"url\":\"https:\/\/potisek.com\/mentions-legales\/\",\"name\":\"Mentions l\u00e9gales - Franz Potisek\",\"isPartOf\":{\"@id\":\"https:\/\/potisek.com\/#website\"},\"datePublished\":\"2022-12-14T08:28:34+00:00\",\"breadcrumb\":{\"@id\":\"https:\/\/potisek.com\/mentions-legales\/#breadcrumb\"},\"inLanguage\":\"en-GB\",\"potentialAction\":[{\"@type\":\"ReadAction\",\"target\":[\"https:\/\/potisek.com\/mentions-legales\/\"]}]},{\"@type\":\"BreadcrumbList\",\"@id\":\"https:\/\/potisek.com\/mentions-legales\/#breadcrumb\",\"itemListElement\":[{\"@type\":\"ListItem\",\"position\":1,\"name\":\"Accueil\",\"item\":\"https:\/\/potisek.com\/\"},{\"@type\":\"ListItem\",\"position\":2,\"name\":\"Mentions l\u00e9gales\"}]},{\"@type\":\"WebSite\",\"@id\":\"https:\/\/potisek.com\/#website\",\"url\":\"https:\/\/potisek.com\/\",\"name\":\"Franz Potisek\",\"description\":\"\",\"publisher\":{\"@id\":\"https:\/\/potisek.com\/#organization\"},\"potentialAction\":[{\"@type\":\"SearchAction\",\"target\":{\"@type\":\"EntryPoint\",\"urlTemplate\":\"https:\/\/potisek.com\/?s={search_term_string}\"},\"query-input\":{\"@type\":\"PropertyValueSpecification\",\"valueRequired\":true,\"valueName\":\"search_term_string\"}}],\"inLanguage\":\"en-GB\"},{\"@type\":\"Organization\",\"@id\":\"https:\/\/potisek.com\/#organization\",\"name\":\"Franz Potisek\",\"url\":\"https:\/\/potisek.com\/\",\"logo\":{\"@type\":\"ImageObject\",\"inLanguage\":\"en-GB\",\"@id\":\"https:\/\/potisek.com\/#\/schema\/logo\/image\/\",\"url\":\"https:\/\/potisek.com\/wp-content\/uploads\/2022\/10\/FP_LOGO_01.png\",\"contentUrl\":\"https:\/\/potisek.com\/wp-content\/uploads\/2022\/10\/FP_LOGO_01.png\",\"width\":246,\"height\":246,\"caption\":\"Franz Potisek\"},\"image\":{\"@id\":\"https:\/\/potisek.com\/#\/schema\/logo\/image\/\"},\"sameAs\":[\"https:\/\/www.instagram.com\/f.potisek\/\"]}]}<\/script>\n<!-- \/ Yoast SEO plugin. -->","yoast_head_json":{"title":"Mentions l\u00e9gales - Franz Potisek","robots":{"index":"index","follow":"follow","max-snippet":"max-snippet:-1","max-image-preview":"max-image-preview:large","max-video-preview":"max-video-preview:-1"},"canonical":"https:\/\/potisek.com\/en\/mentions-legales\/","og_locale":"en_GB","og_type":"article","og_title":"Mentions l\u00e9gales - Franz Potisek","og_url":"https:\/\/potisek.com\/en\/mentions-legales\/","og_site_name":"Franz Potisek","twitter_card":"summary_large_image","schema":{"@context":"https:\/\/schema.org","@graph":[{"@type":"WebPage","@id":"https:\/\/potisek.com\/mentions-legales\/","url":"https:\/\/potisek.com\/mentions-legales\/","name":"Mentions l\u00e9gales - Franz Potisek","isPartOf":{"@id":"https:\/\/potisek.com\/#website"},"datePublished":"2022-12-14T08:28:34+00:00","breadcrumb":{"@id":"https:\/\/potisek.com\/mentions-legales\/#breadcrumb"},"inLanguage":"en-GB","potentialAction":[{"@type":"ReadAction","target":["https:\/\/potisek.com\/mentions-legales\/"]}]},{"@type":"BreadcrumbList","@id":"https:\/\/potisek.com\/mentions-legales\/#breadcrumb","itemListElement":[{"@type":"ListItem","position":1,"name":"Accueil","item":"https:\/\/potisek.com\/"},{"@type":"ListItem","position":2,"name":"Mentions l\u00e9gales"}]},{"@type":"WebSite","@id":"https:\/\/potisek.com\/#website","url":"https:\/\/potisek.com\/","name":"Franz Potisek","description":"","publisher":{"@id":"https:\/\/potisek.com\/#organization"},"potentialAction":[{"@type":"SearchAction","target":{"@type":"EntryPoint","urlTemplate":"https:\/\/potisek.com\/?s={search_term_string}"},"query-input":{"@type":"PropertyValueSpecification","valueRequired":true,"valueName":"search_term_string"}}],"inLanguage":"en-GB"},{"@type":"Organization","@id":"https:\/\/potisek.com\/#organization","name":"Franz Potisek","url":"https:\/\/potisek.com\/","logo":{"@type":"ImageObject","inLanguage":"en-GB","@id":"https:\/\/potisek.com\/#\/schema\/logo\/image\/","url":"https:\/\/potisek.com\/wp-content\/uploads\/2022\/10\/FP_LOGO_01.png","contentUrl":"https:\/\/potisek.com\/wp-content\/uploads\/2022\/10\/FP_LOGO_01.png","width":246,"height":246,"caption":"Franz Potisek"},"image":{"@id":"https:\/\/potisek.com\/#\/schema\/logo\/image\/"},"sameAs":["https:\/\/www.instagram.com\/f.potisek\/"]}]}},"_links":{"self":[{"href":"https:\/\/potisek.com\/en\/wp-json\/wp\/v2\/pages\/550","targetHints":{"allow":["GET"]}}],"collection":[{"href":"https:\/\/potisek.com\/en\/wp-json\/wp\/v2\/pages"}],"about":[{"href":"https:\/\/potisek.com\/en\/wp-json\/wp\/v2\/types\/page"}],"author":[{"embeddable":true,"href":"https:\/\/potisek.com\/en\/wp-json\/wp\/v2\/users\/2"}],"replies":[{"embeddable":true,"href":"https:\/\/potisek.com\/en\/wp-json\/wp\/v2\/comments?post=550"}],"version-history":[{"count":10,"href":"https:\/\/potisek.com\/en\/wp-json\/wp\/v2\/pages\/550\/revisions"}],"predecessor-version":[{"id":566,"href":"https:\/\/potisek.com\/en\/wp-json\/wp\/v2\/pages\/550\/revisions\/566"}],"wp:attachment":[{"href":"https:\/\/potisek.com\/en\/wp-json\/wp\/v2\/media?parent=550"}],"curies":[{"name":"wp","href":"https:\/\/api.w.org\/{rel}","templated":true}]}}